{"id":70,"date":"2023-01-13T14:58:36","date_gmt":"2023-01-13T17:58:36","guid":{"rendered":"http:\/\/gamboa.travel\/es\/blog-iii\/"},"modified":"2023-01-14T15:39:07","modified_gmt":"2023-01-14T18:39:07","slug":"novedades","status":"publish","type":"page","link":"https:\/\/gamboa.travel\/es\/novedades\/","title":{"rendered":"Novedades"},"content":{"rendered":"<section class=\"wpb-content-wrapper\"><p>[vc_row][vc_column]\t\n\t\t\n\t\t<!-- BEGIN .sohohotel-blog-wrapper-2 -->\n\t\t<div class=\"sohohotel-blog-wrapper-2 sohohotel-blog-wrapper-2-2-col sohohotel-clearfix\">\n\t\n\t\t\n\t\t\t\t\t\n\t\t\t\t<!-- BEGIN .sohohotel-blog-block -->\n\t\t\t\t<div id=\"post-812\" class=\"sohohotel-blog-block sohohotel-clearfix post-812 post type-post status-publish format-standard has-post-thumbnail hentry category-sin-categoria\">\n\t\t\t\t\t\n\t\t\t\t\t\n\t\t\t\t\t\t<div class=\"sohohotel-blog-block-image\">\n\t\t\t\t\t\t\t<a href=\"https:\/\/gamboa.travel\/es\/ahora-puedes-reservar-tu-estadia-con-criptomonedas\/\" rel=\"bookmark\" title=\"\u00a1Ahora Puedes Reservar Tu Estad\u00eda con Criptomonedas!\">\n\t\t\t\t\t\t\t\t\t\t\t\t\t\t\t\t<img decoding=\"async\" src=\"https:\/\/gamboa.travel\/es\/wp-content\/uploads\/sites\/4\/2025\/02\/cripto3.png\" alt=\"\" \/>\t\t\t\t\t\t\t<\/a>\n\t\t\t\t\t\t<\/div>\n\n\t\t\t\t\t\t\t\t\t\t\n\t\t\t\t\t<!-- BEGIN .sohohotel-blog-title-meta-wrapper -->\n\t\t\t\t\t<div class=\"sohohotel-blog-title-meta-wrapper\">\n\t\t\t\t\t\n\t\t\t\t\t\t<h3><a href=\"https:\/\/gamboa.travel\/es\/ahora-puedes-reservar-tu-estadia-con-criptomonedas\/\" rel=\"bookmark\" title=\"\u00a1Ahora Puedes Reservar Tu Estad\u00eda con Criptomonedas!\">\u00a1Ahora Puedes Reservar Tu Estad\u00eda con Criptomonedas!<\/a><\/h3>\n\n\t\t\t\t\t\t<!-- BEGIN .sohohotel-blog-meta -->\n\t\t\t\t\t\t<div class=\"sohohotel-blog-meta clearfix\">\n\t\t\t\t\t\t\t<span class=\"sohohotel-blog-meta-date\"><i class=\"fas fa-calendar\"><\/i><a href=\"https:\/\/gamboa.travel\/es\/ahora-puedes-reservar-tu-estadia-con-criptomonedas\/\" rel=\"bookmark\" title=\"\u00a1Ahora Puedes Reservar Tu Estad\u00eda con Criptomonedas!\">12 febrero, 2025<\/a><\/span>\n\t\t\t\t\t\t\t<span class=\"sohohotel-blog-meta-author\"><i class=\"fas fa-pencil-alt\"><\/i>Por <a href=\"https:\/\/gamboa.travel\/es\/author\/gmadmin\/\" title=\"Entradas de Gamboa Hotel &#038; Private Villas\" rel=\"author\">Gamboa Hotel &#38; Private Villas<\/a><\/span>\n\t\t\t\t\t\t\t\n\t\t\t\t\t\t\t\t\t\t\t\t\n\t\t\t\t\t\t<!-- END .sohohotel-blog-meta -->\n\t\t\t\t\t\t<\/div>\n\t\t\t\t\t\n\t\t\t\t\t<!-- END .sohohotel-blog-title-meta-wrapper -->\n\t\t\t\t\t<\/div>\n\t\t\t\t\t\n\t\t\t\t\t\n\t\t\t\t<!-- END .sohohotel-blog-block -->\n\t\t\t\t<\/div>\n\t\t\t\t\n\t\t\t\t\t\n\t\t\t\t<!-- BEGIN .sohohotel-blog-block -->\n\t\t\t\t<div id=\"post-91\" class=\"sohohotel-blog-block sohohotel-clearfix post-91 post type-post status-publish format-standard has-post-thumbnail hentry category-novedades tag-accommodation\">\n\t\t\t\t\t\n\t\t\t\t\t\n\t\t\t\t\t\t<div class=\"sohohotel-blog-block-image\">\n\t\t\t\t\t\t\t<a href=\"https:\/\/gamboa.travel\/es\/elevador\/\" rel=\"bookmark\" title=\"Elevador de plano inclinado: Innovaci\u00f3n y Modernidad\">\n\t\t\t\t\t\t\t\t\t\t\t\t\t\t\t\t<img decoding=\"async\" src=\"https:\/\/gamboa.travel\/es\/wp-content\/uploads\/sites\/4\/2023\/01\/novedades-terrazasverdes2-1.png\" alt=\"\" \/>\t\t\t\t\t\t\t<\/a>\n\t\t\t\t\t\t<\/div>\n\n\t\t\t\t\t\t\t\t\t\t\n\t\t\t\t\t<!-- BEGIN .sohohotel-blog-title-meta-wrapper -->\n\t\t\t\t\t<div class=\"sohohotel-blog-title-meta-wrapper\">\n\t\t\t\t\t\n\t\t\t\t\t\t<h3><a href=\"https:\/\/gamboa.travel\/es\/elevador\/\" rel=\"bookmark\" title=\"Elevador de plano inclinado: Innovaci\u00f3n y Modernidad\">Elevador de plano inclinado: Innovaci\u00f3n y Modernidad<\/a><\/h3>\n\n\t\t\t\t\t\t<!-- BEGIN .sohohotel-blog-meta -->\n\t\t\t\t\t\t<div class=\"sohohotel-blog-meta clearfix\">\n\t\t\t\t\t\t\t<span class=\"sohohotel-blog-meta-date\"><i class=\"fas fa-calendar\"><\/i><a href=\"https:\/\/gamboa.travel\/es\/elevador\/\" rel=\"bookmark\" title=\"Elevador de plano inclinado: Innovaci\u00f3n y Modernidad\">13 enero, 2023<\/a><\/span>\n\t\t\t\t\t\t\t<span class=\"sohohotel-blog-meta-author\"><i class=\"fas fa-pencil-alt\"><\/i>Por <a href=\"https:\/\/gamboa.travel\/es\/author\/gmadmin\/\" title=\"Entradas de Gamboa Hotel &#038; Private Villas\" rel=\"author\">Gamboa Hotel &#38; Private Villas<\/a><\/span>\n\t\t\t\t\t\t\t\n\t\t\t\t\t\t\t\t\t\t\t\t\n\t\t\t\t\t\t<!-- END .sohohotel-blog-meta -->\n\t\t\t\t\t\t<\/div>\n\t\t\t\t\t\n\t\t\t\t\t<!-- END .sohohotel-blog-title-meta-wrapper -->\n\t\t\t\t\t<\/div>\n\t\t\t\t\t\n\t\t\t\t\t\n\t\t\t\t<!-- END .sohohotel-blog-block -->\n\t\t\t\t<\/div>\n\t\t\t\t\n\t\t\t\t\t\n\t\t\t\t<!-- BEGIN .sohohotel-blog-block -->\n\t\t\t\t<div id=\"post-92\" class=\"sohohotel-blog-block sohohotel-clearfix post-92 post type-post status-publish format-standard has-post-thumbnail hentry category-novedades\">\n\t\t\t\t\t\n\t\t\t\t\t\n\t\t\t\t\t\t<div class=\"sohohotel-blog-block-image\">\n\t\t\t\t\t\t\t<a href=\"https:\/\/gamboa.travel\/es\/aeropuerto\/\" rel=\"bookmark\" title=\"Se anuncia la construcci\u00f3n de un pr\u00f3ximo aeropuerto en Morro de S\u00e3o Paulo.\">\n\t\t\t\t\t\t\t\t\t\t\t\t\t\t\t\t<img decoding=\"async\" src=\"https:\/\/gamboa.travel\/es\/wp-content\/uploads\/sites\/4\/2023\/01\/Morro-de-Sao-Paulo-BA-2_BrasilPlanet2-1170x750.jpg\" alt=\"\" \/>\t\t\t\t\t\t\t<\/a>\n\t\t\t\t\t\t<\/div>\n\n\t\t\t\t\t\t\t\t\t\t\n\t\t\t\t\t<!-- BEGIN .sohohotel-blog-title-meta-wrapper -->\n\t\t\t\t\t<div class=\"sohohotel-blog-title-meta-wrapper\">\n\t\t\t\t\t\n\t\t\t\t\t\t<h3><a href=\"https:\/\/gamboa.travel\/es\/aeropuerto\/\" rel=\"bookmark\" title=\"Se anuncia la construcci\u00f3n de un pr\u00f3ximo aeropuerto en Morro de S\u00e3o Paulo.\">Se anuncia la construcci\u00f3n de un pr\u00f3ximo aeropuerto en Morro de S\u00e3o Paulo.<\/a><\/h3>\n\n\t\t\t\t\t\t<!-- BEGIN .sohohotel-blog-meta -->\n\t\t\t\t\t\t<div class=\"sohohotel-blog-meta clearfix\">\n\t\t\t\t\t\t\t<span class=\"sohohotel-blog-meta-date\"><i class=\"fas fa-calendar\"><\/i><a href=\"https:\/\/gamboa.travel\/es\/aeropuerto\/\" rel=\"bookmark\" title=\"Se anuncia la construcci\u00f3n de un pr\u00f3ximo aeropuerto en Morro de S\u00e3o Paulo.\">13 enero, 2023<\/a><\/span>\n\t\t\t\t\t\t\t<span class=\"sohohotel-blog-meta-author\"><i class=\"fas fa-pencil-alt\"><\/i>Por <a href=\"https:\/\/gamboa.travel\/es\/author\/gmadmin\/\" title=\"Entradas de Gamboa Hotel &#038; Private Villas\" rel=\"author\">Gamboa Hotel &#38; Private Villas<\/a><\/span>\n\t\t\t\t\t\t\t\n\t\t\t\t\t\t\t\t\t\t\t\t\n\t\t\t\t\t\t<!-- END .sohohotel-blog-meta -->\n\t\t\t\t\t\t<\/div>\n\t\t\t\t\t\n\t\t\t\t\t<!-- END .sohohotel-blog-title-meta-wrapper -->\n\t\t\t\t\t<\/div>\n\t\t\t\t\t\n\t\t\t\t\t\n\t\t\t\t<!-- END .sohohotel-blog-block -->\n\t\t\t\t<\/div>\n\t\t\t\t\n\t\t\t\t\t\n\t\t\t\t<!-- BEGIN .sohohotel-blog-block -->\n\t\t\t\t<div id=\"post-93\" class=\"sohohotel-blog-block sohohotel-clearfix post-93 post type-post status-publish format-standard has-post-thumbnail hentry category-novedades tag-best-restaurants\">\n\t\t\t\t\t\n\t\t\t\t\t\n\t\t\t\t\t\t<div class=\"sohohotel-blog-block-image\">\n\t\t\t\t\t\t\t<a href=\"https:\/\/gamboa.travel\/es\/terrazas-verdes\/\" rel=\"bookmark\" title=\"Terrazas Verdes\">\n\t\t\t\t\t\t\t\t\t\t\t\t\t\t\t\t<img decoding=\"async\" src=\"https:\/\/gamboa.travel\/es\/wp-content\/uploads\/sites\/4\/2023\/01\/novedades-terrazasverdes.png\" alt=\"\" \/>\t\t\t\t\t\t\t<\/a>\n\t\t\t\t\t\t<\/div>\n\n\t\t\t\t\t\t\t\t\t\t\n\t\t\t\t\t<!-- BEGIN .sohohotel-blog-title-meta-wrapper -->\n\t\t\t\t\t<div class=\"sohohotel-blog-title-meta-wrapper\">\n\t\t\t\t\t\n\t\t\t\t\t\t<h3><a href=\"https:\/\/gamboa.travel\/es\/terrazas-verdes\/\" rel=\"bookmark\" title=\"Terrazas Verdes\">Terrazas Verdes<\/a><\/h3>\n\n\t\t\t\t\t\t<!-- BEGIN .sohohotel-blog-meta -->\n\t\t\t\t\t\t<div class=\"sohohotel-blog-meta clearfix\">\n\t\t\t\t\t\t\t<span class=\"sohohotel-blog-meta-date\"><i class=\"fas fa-calendar\"><\/i><a href=\"https:\/\/gamboa.travel\/es\/terrazas-verdes\/\" rel=\"bookmark\" title=\"Terrazas Verdes\">13 enero, 2023<\/a><\/span>\n\t\t\t\t\t\t\t<span class=\"sohohotel-blog-meta-author\"><i class=\"fas fa-pencil-alt\"><\/i>Por <a href=\"https:\/\/gamboa.travel\/es\/author\/gmadmin\/\" title=\"Entradas de Gamboa Hotel &#038; Private Villas\" rel=\"author\">Gamboa Hotel &#38; Private Villas<\/a><\/span>\n\t\t\t\t\t\t\t\n\t\t\t\t\t\t\t\t\t\t\t\t\n\t\t\t\t\t\t<!-- END .sohohotel-blog-meta -->\n\t\t\t\t\t\t<\/div>\n\t\t\t\t\t\n\t\t\t\t\t<!-- END .sohohotel-blog-title-meta-wrapper -->\n\t\t\t\t\t<\/div>\n\t\t\t\t\t\n\t\t\t\t\t\n\t\t\t\t<!-- END .sohohotel-blog-block -->\n\t\t\t\t<\/div>\n\t\t\t\t\n\t\t\t\t\n\t\t<!-- END .sohohotel-blog-wrapper -->\n\t\t<\/div>\n\t\t\n\t\t\t\t\n\t\t[\/vc_column][\/vc_row]<\/p>\n<\/section>","protected":false},"excerpt":{"rendered":"<p>[vc_row][vc_column][\/vc_column][\/vc_row]<\/p>\n<a href=\"https:\/\/gamboa.travel\/es\/terrazas-verdes\/\" class=\"sohohotel-more-link\">Leer m\u00e1s<\/a>","protected":false},"author":1,"featured_media":308,"parent":0,"menu_order":0,"comment_status":"closed","ping_status":"closed","template":"","meta":{"_joinchat":[],"footnotes":""},"class_list":["post-70","page","type-page","status-publish","has-post-thumbnail","hentry"],"_links":{"self":[{"href":"https:\/\/gamboa.travel\/es\/wp-json\/wp\/v2\/pages\/70","targetHints":{"allow":["GET"]}}],"collection":[{"href":"https:\/\/gamboa.travel\/es\/wp-json\/wp\/v2\/pages"}],"about":[{"href":"https:\/\/gamboa.travel\/es\/wp-json\/wp\/v2\/types\/page"}],"author":[{"embeddable":true,"href":"https:\/\/gamboa.travel\/es\/wp-json\/wp\/v2\/users\/1"}],"replies":[{"embeddable":true,"href":"https:\/\/gamboa.travel\/es\/wp-json\/wp\/v2\/comments?post=70"}],"version-history":[{"count":2,"href":"https:\/\/gamboa.travel\/es\/wp-json\/wp\/v2\/pages\/70\/revisions"}],"predecessor-version":[{"id":313,"href":"https:\/\/gamboa.travel\/es\/wp-json\/wp\/v2\/pages\/70\/revisions\/313"}],"wp:featuredmedia":[{"embeddable":true,"href":"https:\/\/gamboa.travel\/es\/wp-json\/wp\/v2\/media\/308"}],"wp:attachment":[{"href":"https:\/\/gamboa.travel\/es\/wp-json\/wp\/v2\/media?parent=70"}],"curies":[{"name":"wp","href":"https:\/\/api.w.org\/{rel}","templated":true}]}}