{"id":61,"date":"2023-01-13T14:58:36","date_gmt":"2023-01-13T17:58:36","guid":{"rendered":"http:\/\/gamboa.travel\/es\/about-us-ii\/"},"modified":"2023-02-28T18:51:17","modified_gmt":"2023-02-28T21:51:17","slug":"nosotros","status":"publish","type":"page","link":"https:\/\/gamboa.travel\/es\/nosotros\/","title":{"rendered":"Nosotros"},"content":{"rendered":"<section class=\"wpb-content-wrapper\"><p>[vc_row fixed_width=\u00bbtrue\u00bb css=\u00bb.vc_custom_1627562291998{margin-top: 0px !important;margin-bottom: 0px !important;border-top-width: 0px !important;border-bottom-width: 0px !important;padding-top: 10px !important;padding-bottom: 0px !important;}\u00bb][vc_column css=\u00bb.vc_custom_1627562322556{margin-top: 0px !important;margin-bottom: 0px !important;border-top-width: 0px !important;border-bottom-width: 0px !important;padding-top: 0px !important;padding-bottom: 0px !important;}\u00bb]<div class=\"sohohotel-fixed-height-text-image-wrapper sohohotel-clearfix\"><div class=\"sohohotel-fixed-height-text-wrapper sohohotel-fixed-height-text-wrapper-left\"><h3 class=\"sohohotel-title-28px sohohotel-clearfix sohohotel-title-left\">Sobre Nosotros<\/h3><\/p>\n<p style=\"text-align: left; line-height: 1.5; font-size: 13px;\">Gamboa Hotel &amp; Private Villas se encuentra localizado en la playa de Gamboa, a solo 2km de la localidad Morro de S\u00e3o Paulo, en la Isla de Tinhar\u00e9, Bah\u00eda, Brasil. Concebido como un emprendimiento de gran categor\u00eda y distribuido en 9 hect\u00e1reas en las que cada m2 posee una maravillosa vista al mar y al interminable paisaje tropical. El proyecto inmobiliario incluye el desarrollo de un hotel boutique y villas de lujo, as\u00ed como tambi\u00e9n de atracciones tur\u00edsticas, centro comercial y gastron\u00f3mico. Tiene como misi\u00f3n convertirse en la propuesta de excelencia en Bah\u00eda, caracterizado por la localizaci\u00f3n, el ambiente natural y la promoci\u00f3n de la biodiversidad y la cultura local. Dentro de este equilibro proponemos aspectos diferenciales desde la arquitectura, el dise\u00f1o de los espacios y la conciencia ambiental Entre las acciones m\u00e1s destacables est\u00e1n las terrazas verdes en sus unidades habitacionales, la captaci\u00f3n de agua de lluvia, la reforestaci\u00f3n de especies aut\u00f3ctonas y sus m\u00e1s de 5 hect\u00e1reas de \u00e1rea de preservaci\u00f3n permanente.<\/p>\n<p><\/div><div class=\"sohohotel-fixed-height-image-wrapper sohohotel-fixed-height-image-wrapper-right\"><div class=\"sohohotel-fixed-height-image\" style=\"background-image: url(https:\/\/gamboa.travel\/es\/wp-content\/uploads\/sites\/4\/2023\/01\/Nosotros5.png); background-size: 600px 400px; height: 400px;\"><\/div><\/div><\/div><div class=\"sohohotel-fixed-height-text-image-wrapper sohohotel-clearfix\"><div class=\"sohohotel-fixed-height-text-wrapper sohohotel-fixed-height-text-wrapper-right\"><h3 class=\"sohohotel-title-28px sohohotel-clearfix sohohotel-title-left\">Playa de Gamboa<\/h3><\/p>\n<p style=\"text-align: left; line-height: 1.5; font-size: 13px;\">Gamboa se encuentra al noroeste de Morro de S\u00e3o Paulo. Es un poblado de pescadores encantador, con playas tranquilas y las mejores puestas de sol.<br \/>\nEntre Morro de Sao Paulo y Gamboa, en la \u00fanica colina que llega pr\u00e1cticamente hasta el poblado, se alza el famoso pared\u00f3n de arcilla que nos ofrece un espectacular paisaje y spa natural, donde se disfrutan de m\u00e1gicos ba\u00f1os de lodo medicinal.<br \/>\nLa isla, y en particular los poblados de Gamboa y Morro cuentan con una gran cantidad de atractivos naturales y playas espectaculares que los convierten en las joyas del litoral sur bahiano. La Playa de Gamboa se caracteriza por un mar calmo y c\u00e1lido, siempre delicioso y relajante. Son playas ideales para practicar deportes n\u00e1uticos como stand up paddle, kayak, nado y caminatas por las playas o la pasarela.<br \/>\nCuenta con otros atractivos, adem\u00e1s de la maravillosa biodiversidad tropical, como es la propuesta gastron\u00f3mica a la vera del mar que ofrecen sus servicios a los visitantes con deliciosas comidas regionales y caseras.<br \/>\nLa famosa \u201cFonte do C\u00e9u\u201d est\u00e1 dentro da \u00e1rea del emprendimiento. Es una cascada de 5m de altura localizada en el medio de la mata atl\u00e1ntica, es un lugar bello y tranquilo donde el sonido de la naturaleza acompa\u00f1a armoniosamente el paisaje.<br \/>\nUn paseo imperdible es la isla de la Coroa, conformada por un banco de arena en medio del mar que ofrece una de las mejores vistas y puestas de sol.<br \/>\nDescubr\u00ed una maravillosa oportunidad de hacer de tu viaje una experiencia inolvidable.<\/p>\n<p><\/div><div class=\"sohohotel-fixed-height-image-wrapper sohohotel-fixed-height-image-wrapper-left\"><div class=\"sohohotel-fixed-height-image\" style=\"background-image: url(https:\/\/gamboa.travel\/es\/wp-content\/uploads\/sites\/4\/2023\/01\/gamboa3.png); background-size: 600px 400px; height: 400px;\"><\/div><\/div><\/div><div class=\"sohohotel-fixed-height-text-image-wrapper sohohotel-clearfix\"><div class=\"sohohotel-fixed-height-text-wrapper sohohotel-fixed-height-text-wrapper-left\"><h3 class=\"sohohotel-title-28px sohohotel-clearfix sohohotel-title-left\">Transporte Propio<\/h3><\/p>\n<p style=\"text-align: left; line-height: 1.5; font-size: 13px;\">En la parte central de los poblados de Morro y Gamboa no son permitidos los veh\u00edculos a motor por lo que all\u00ed todo tendr\u00e1 que ser a pie, pero no te preocupes, la parte comercial de estos poblados es bastante peque\u00f1a. Ahora, ya sea para llegar hasta los l\u00edmites de estas \u00e1reas m\u00e1s comerciales, tanto de d\u00eda como de noche, o para ir a playas m\u00e1s alejadas tenemos un veh\u00edculo UTV Polaris a disposici\u00f3n.<br \/>\nNota: El valor de las Villas incluye traslado diario, de ida y vuelta, a cualquier playa o lugar en Morro de S\u00e3o Paulo o Gamboa que se permita acceso con el veh\u00edculo.<\/p>\n<p><\/div><div class=\"sohohotel-fixed-height-image-wrapper sohohotel-fixed-height-image-wrapper-right\"><div class=\"sohohotel-fixed-height-image\" style=\"background-image: url(https:\/\/gamboa.travel\/es\/wp-content\/uploads\/sites\/4\/2023\/01\/nosotros6.png); background-size: 600px 400px; height: 400px;\"><\/div><\/div><\/div>[\/vc_column][\/vc_row][vc_row css=\u00bb.vc_custom_1627553435640{margin-top: 0px !important;margin-right: 0px !important;margin-bottom: 45px !important;margin-left: 0px !important;border-top-width: 0px !important;border-right-width: 0px !important;border-bottom-width: 0px !important;border-left-width: 0px !important;padding-top: 0px !important;padding-right: 0px !important;padding-bottom: 0px !important;padding-left: 0px !important;}\u00bb][vc_column css=\u00bb.vc_custom_1627553414681{margin-top: 0px !important;margin-right: 0px !important;margin-bottom: 0px !important;margin-left: 0px !important;border-top-width: 0px !important;border-right-width: 0px !important;border-bottom-width: 0px !important;border-left-width: 0px !important;padding-top: 0px !important;padding-right: 0px !important;padding-bottom: 0px !important;padding-left: 0px !important;}\u00bb][vc_separator color=\u00bbcustom\u00bb accent_color=\u00bb#dedede\u00bb][\/vc_column][\/vc_row][vc_row full_width=\u00bbstretch_row_content_no_spaces\u00bb css=\u00bb.vc_custom_1673718672236{margin-top: 0px !important;margin-bottom: 10px !important;border-top-width: 0px !important;border-bottom-width: 0px !important;padding-top: 0px !important;padding-bottom: 0px !important;background-image: url(https:\/\/gamboa.travel\/es\/wp-content\/uploads\/sites\/4\/2023\/01\/GoDaddyStudioPage-0-17.png?id=290) !important;}\u00bb][vc_column css=\u00bb.vc_custom_1627562333686{margin-top: 0px !important;margin-bottom: 0px !important;border-top-width: 0px !important;border-bottom-width: 0px !important;padding-top: 0px !important;padding-bottom: 0px !important;}\u00bb]<h3 class=\"sohohotel-title-28px sohohotel-clearfix sohohotel-title-center\">Nuestro Compromiso<\/h3>[vc_empty_space height=\u00bb20px\u00bb]<section class=\"sohohotel-icon-text-wrapper-1 sohohotel-clearfix\"><div class=\"sohohotel-icon-text-block sohohotel-clearfix\">\n\t\t<div class=\"sohohotel-icon\"><i class=\"fas fa-leaf\"><\/i><\/div>\n\t\t<div class=\"sohohotel-text\">\n\t\t\t<h4>Muros y terrazas verdes<\/h4>\n\t\t\t<p>Las terrazas verdes fueron dise\u00f1adas en sinton\u00eda y equilibrio con el paisaje natural, favoreciendo la aislaci\u00f3n t\u00e9rmica y ac\u00fastica, aumentando la vida \u00fatil del techo, purificando el aire y reteniendo las aguas pluviales que provocan erosi\u00f3n.<\/p>\n\t\t<\/div>\n\t\t<\/div><div class=\"sohohotel-icon-text-block sohohotel-clearfix\">\n\t\t<div class=\"sohohotel-icon\"><i class=\"fas fa-water\"><\/i><\/div>\n\t\t<div class=\"sohohotel-text\">\n\t\t\t<h4>Captaci\u00f3n de agua de lluvia<\/h4>\n\t\t\t<p>Mediante la instalaci\u00f3n de sistemas de recolecci\u00f3n contribuimos a conservar las reservas de este recurso vital, recuperando el ciclo natural del agua, evitando inundaciones y permitiendo la utilizaci\u00f3n optimizada en todo el complejo.<\/p>\n\t\t<\/div>\n\t\t<\/div><div class=\"sohohotel-icon-text-block sohohotel-clearfix\">\n\t\t<div class=\"sohohotel-icon\"><i class=\"fas fa-tree\"><\/i><\/div>\n\t\t<div class=\"sohohotel-text\">\n\t\t\t<h4>Reforestaci\u00f3n de especies aut\u00f3ctonas<\/h4>\n\t\t\t<p>Siendo piezas fundamentales en el ecosistema local, constituyen una gran fuente de alimento y refugio para la fauna local, especialmente de aves y mariposas.<\/p>\n\t\t<\/div>\n\t\t<\/div><div class=\"sohohotel-icon-text-block sohohotel-clearfix\">\n\t\t<div class=\"sohohotel-icon\"><i class=\"fas fa-map-marked-alt\"><\/i><\/div>\n\t\t<div class=\"sohohotel-text\">\n\t\t\t<h4>5 hect\u00e1reas de \u00e1rea de preservaci\u00f3n permanente<\/h4>\n\t\t\t<p>Contribuimos a cuidar, proteger y mantener en equilibrio todos los elementos de la naturaleza ocupando solo el 2% del total de nuestra \u00e1rea verde.<\/p>\n\t\t<\/div>\n\t\t<\/div><\/section>[\/vc_column][\/vc_row]<\/p>\n<\/section>","protected":false},"excerpt":{"rendered":"<p>[vc_row fixed_width=\u00bbtrue\u00bb css=\u00bb.vc_custom_1627562291998{margin-top: 0px !important;margin-bottom: 0px !important;border-top-width: 0px !important;border-bottom-width: 0px !important;padding-top: 10px !important;padding-bottom: 0px !important;}\u00bb][vc_column css=\u00bb.vc_custom_1627562322556{margin-top: 0px !important;margin-bottom: 0px !important;border-top-width: 0px !important;border-bottom-width: 0px !important;padding-top: 0px !important;padding-bottom: 0px !important;}\u00bb][\/vc_column][\/vc_row][vc_row css=\u00bb.vc_custom_1627553435640{margin-top: 0px !important;margin-right: 0px !important;margin-bottom: 45px !important;margin-left: 0px !important;border-top-width: 0px !important;border-right-width: 0px !important;border-bottom-width: 0px !important;border-left-width: 0px !important;padding-top: 0px !important;padding-right: 0px !important;padding-bottom: 0px !important;padding-left: 0px !important;}\u00bb][vc_column css=\u00bb.vc_custom_1627553414681{margin-top: 0px<\/p>\n<a href=\"https:\/\/gamboa.travel\/es\/nosotros\/\" class=\"sohohotel-more-link\">Leer m\u00e1s<\/a>","protected":false},"author":1,"featured_media":282,"parent":0,"menu_order":0,"comment_status":"closed","ping_status":"closed","template":"","meta":{"_joinchat":[],"footnotes":""},"class_list":["post-61","page","type-page","status-publish","has-post-thumbnail","hentry"],"_links":{"self":[{"href":"https:\/\/gamboa.travel\/es\/wp-json\/wp\/v2\/pages\/61","targetHints":{"allow":["GET"]}}],"collection":[{"href":"https:\/\/gamboa.travel\/es\/wp-json\/wp\/v2\/pages"}],"about":[{"href":"https:\/\/gamboa.travel\/es\/wp-json\/wp\/v2\/types\/page"}],"author":[{"embeddable":true,"href":"https:\/\/gamboa.travel\/es\/wp-json\/wp\/v2\/users\/1"}],"replies":[{"embeddable":true,"href":"https:\/\/gamboa.travel\/es\/wp-json\/wp\/v2\/comments?post=61"}],"version-history":[{"count":7,"href":"https:\/\/gamboa.travel\/es\/wp-json\/wp\/v2\/pages\/61\/revisions"}],"predecessor-version":[{"id":593,"href":"https:\/\/gamboa.travel\/es\/wp-json\/wp\/v2\/pages\/61\/revisions\/593"}],"wp:featuredmedia":[{"embeddable":true,"href":"https:\/\/gamboa.travel\/es\/wp-json\/wp\/v2\/media\/282"}],"wp:attachment":[{"href":"https:\/\/gamboa.travel\/es\/wp-json\/wp\/v2\/media?parent=61"}],"curies":[{"name":"wp","href":"https:\/\/api.w.org\/{rel}","templated":true}]}}